{"id":585,"date":"2022-08-22T09:48:42","date_gmt":"2022-08-22T09:48:42","guid":{"rendered":"https:\/\/www.vinoinribe.si\/?page_id=585"},"modified":"2022-08-28T11:06:13","modified_gmt":"2022-08-28T11:06:13","slug":"termsandconditions","status":"publish","type":"page","link":"https:\/\/vinoinribe.si\/en\/termsandconditions\/","title":{"rendered":"Terms and Conditions"},"content":{"rendered":"\n<p>Spletno trgovino vinoinribe.si<\/p>\n\n\n\n<p>Plavje 6, Plavje, 6281 \u0160kofije<\/p>\n\n\n\n<p>Dav\u010dna \u0161t.: 36363189,<br>Mati\u010dna \u0161t.: 3429636000<br>M: 08 2055282<br>E: info@vinoinribe.si<\/p>\n\n\n\n<p>Dostopnost informacij<\/p>\n\n\n\n<p>Podjetje GOSTINSTVO IN POSLOVNO SVETOVANJE, se zavezuje, da bo kupcu vselej zagotovilo naslednje informacije:<\/p>\n\n\n\n<ul class=\"wp-block-list\"><li>identiteto podjetja (ime in sede\u017e podjetja, \u0161tevilka vlo\u017eka v registru, dav\u010dna \u0161tevilka)<\/li><li>kontaktne naslove, ki omogo\u010dajo hitro in u\u010dinkovito komunikacijo (e-po\u0161ta, telefon)<\/li><li>bistvene zna\u010dilnosti blaga oziroma storitev (vklju\u010dno s poprodajnimi storitvami in garancijami ter postopki vra\u010dila)<\/li><li>dobavljivost izdelkov (vsak izdelek ali storitev, ki je v ponudbi na spletni strani, naj bi bil dobavljiv v razumljivem roku)<\/li><li>pogoje dostave izdelka ali izvr\u0161itve storitve (na\u010din, kraj in rok dostave)<\/li><li>vse cene morajo biti jasno in nedvoumno dolo\u010dene, razvidno mora biti ali \u017ee vsebujejo davek in morebitne druge dajatve<\/li><li>na\u010din pla\u010dila in dostave<\/li><li>\u010dasovno veljavnost ponudbe<\/li><li>rok, v katerem je \u0161e mo\u017eno odstopiti od pogodbe in pogoje za odstop; poleg tega tudi o tem, \u010de in koliko stane kupca vra\u010dilo izdelka<\/li><li>pojasnjen mora biti postopek ob prito\u017ebi, vklju\u010dno z vsemi podatki o kontaktni osebi ali slu\u017ebi za stike s kupci<\/li><\/ul>\n\n\n\n<p>Postopek nakupa<\/p>\n\n\n\n<p>Ko uporabnik izbere izdelek ali izdelke in s potrdilom na gumb NAKUP odda naro\u010dilo, mu spletna prodajalna samodejno \u201cgenerira \u2013 ustvari\u201d in po\u0161lje elektronsko po\u0161to s podrobnostmi naro\u010dila (izdelki, cene, koli\u010dine, uporabnikovi podatki \u2026). V nadaljevanju se postopek naro\u010dila deli na tri dele, ki so slede\u010di:<\/p>\n\n\n\n<ol class=\"wp-block-list\" type=\"1\"><li><strong>&nbsp;&nbsp;NARO\u010cILO SPREJETO<\/strong><\/li><\/ol>\n\n\n\n<p>&nbsp;&nbsp;&nbsp;&nbsp;&nbsp;&nbsp;Po uspe\u0161ni oddaji naro\u010dila, kupec prejme obvestilo po elektronski po\u0161ti, da je naro\u010dilo sprejeto in \u010daka na obdelavo. Kupcu so iz\u010drpni podatki o stanju in vsebini naro\u010dila vselej dostopni na spletni strani ter na zgoraj navedenih kontaktih upravljalca spletne trgovine.&nbsp;<\/p>\n\n\n\n<ol class=\"wp-block-list\" type=\"1\" start=\"2\"><li><strong>NARO\u010cILO POTRJENO<\/strong><\/li><\/ol>\n\n\n\n<p>&nbsp;&nbsp;&nbsp;&nbsp;&nbsp;&nbsp;Podjetje&nbsp;GOSTINSTVO IN POSLOVNO SVETOVANJE najve\u010d 72 urah od prevzema naro\u010dila pregleda, preveri dobavljivost in naro\u010dilo potrdi oziroma z razlogom zavrne. Podjetje si pridr\u017euje pravico, da po potrebi pokli\u010de kupca na njegovo kontaktno telefonsko \u0161tevilko. Pogodba o nakupu naro\u010denih artiklov med stranko in podjetjem je nepreklicno sklenjena, ko kupec prejme potrdilo na elektronski naslov(e-mail).<\/p>\n\n\n\n<ol class=\"wp-block-list\" type=\"1\" start=\"3\"><li><strong>NARO\u010cILO ZAKLJU\u010cENO IN POSLANO<\/strong><\/li><\/ol>\n\n\n\n<p>&nbsp;&nbsp;&nbsp;&nbsp;&nbsp;&nbsp;Ponudnik v obljubljenem roku blago zapakira, odpo\u0161lje in o tem po elektronski po\u0161ti obvesti kupca. V tem delu je uporabnik obve\u0161\u010den o roku in na\u010dinu dostave. Ponudnik v omenjenem elektronskem sporo\u010dilu pou\u010di kupca tudi o roku in na\u010dinu dostave, o politiki vra\u010danja blaga, kam se lahko obrne v primeru zamude pri dostavi in kam se lahko obrne v primeru prito\u017ebe.<\/p>\n\n\n\n<p><strong>Pravica do odstopa od nakupa, vra\u010dilo blaga<\/strong><\/p>\n\n\n\n<p>Potro\u0161nik ima pravico, da v 14 dneh podjetju pisno sporo\u010di odstop od pogodbe. Potro\u0161nik mora nato blago vrniti podjetju v 30 dneh po pisnem sporo\u010dilu, s tem da sam krije neposredne stro\u0161ke vra\u010dila. \u010ce potro\u0161nik vrne prejeto blago v roku za odstop od pogodbe (to je 14 dni od prejema blaga), se \u0161teje to za sporo\u010dilo o odstopu od pogodbe. Izdelki morajo biti nerabljeni in nepo\u0161kodovani.<\/p>\n\n\n\n<p>Podjetje&nbsp;GOSTINSTVO IN POSLOVNO SVETOVANJE vrne celotno kupnino (kupnina s stro\u0161ki dostave in morebitnimi stro\u0161ki pla\u010dila polo\u017enice) brez vpra\u0161anj takoj, ko je mogo\u010de oz. najkasneje v 14 dneh po prejemu sporo\u010dila o odstopu od pogodbe.<\/p>\n\n\n\n<p>Prodajalec (GOSTINSTVO IN POSLOVNO SVETOVANJE ) se zave\u017ee, da bo \u017ee kupljeno blago prevzel nazaj brez kakr\u0161nihkoli vpra\u0161anj. To pomeni, da je vsak nakup 100 % varen.<\/p>\n\n\n\n<p>Kupnino za vrnjene artikle vam bomo nakazali na va\u0161 transakcijski ra\u010dun, s po\u0161tno nakaznico ali vam po dogovoru \u0161teli kupnino kot dobropis pri naslednjem nakupu. Denar vam bomo vrnili najkasneje v 14 dneh po prejemu obvestila o odstopu od nakupa, vendar bomo vra\u010dilo zadr\u017eali v primeru, da v predpisanem roku ne bomo prejeli vrnjenega blaga ali potrdila o vrnjeni po\u0161iljki s strani kupca.<\/p>\n\n\n\n<p>&nbsp;Potro\u0161nik odgovarja za zmanj\u0161anje vrednosti blaga, \u010de je zmanj\u0161anje vrednosti posledica ravnanja, ki ni nujno potrebno za ugotovitev narave, lastnosti in delovanja blaga.<\/p>\n\n\n\n<p><strong>Pla\u010dilo<\/strong><\/p>\n\n\n\n<p>Ob potrditvi naro\u010dila kupec izbere \u017eeleno mo\u017enost pla\u010dila blaga:<\/p>\n\n\n\n<p>&nbsp;&nbsp;&nbsp;\u2022 Pla\u010dilo preko predra\u010duna ali spletne banke (NLBklik, Abanet\u2026).<\/p>\n\n\n\n<p>GOSTINSTVO IN POSLOVNO SVETOVANJE , nudi samo pla\u010dilo preko predra\u010duna ali spletne banke, saj se tako izognemo nepla\u010danim paketom ter ogro\u017eanju kupcev, zaradi trenutnih ukrepov proti COVID-19.<\/p>\n\n\n\n<p><strong>Dobavni rok<\/strong><\/p>\n\n\n\n<p>Za izdelke na zalogi je rok dobave blaga 1-5 delovnih dni v ostalih primerih pa do 15 dni. Za izdelke, ki jih nimamo na zalogi je dobavni rok do 15 dni po prejetem naro\u010dilu.<\/p>\n\n\n\n<p>V primeru dalj\u0161ega dobavnega roka vas bomo o dobavnem roku obvestili po elektronski po\u0161ti ali pa po telefonu.<\/p>\n\n\n\n<p><strong>Dostava<\/strong><\/p>\n\n\n\n<p>Naro\u010dila, oddana med delavniki do 14. ure navadno odpo\u0161ljemo \u0161e isti dan, ostala naro\u010dila pa naslednji delovnik (velja za artikle, ki so na zalogi). Vse po\u0161iljke dostavlja Po\u0161ta Slovenije. Dobavni rok za artikle na zalogi je 1-4 delovnih dni.<\/p>\n\n\n\n<p>Ob potrditvi nakupa lahko izberete poljubni naslov za dostavo (npr. dostava na delovno mesto, na babi\u010din naslov\u2026). V primeru, da vas ob prihodu pismono\u0161e (navadno dopoldne) ni, lahko po\u0161iljko dvignete na najbli\u017eji enoti po\u0161te.<\/p>\n\n\n\n<p><strong>Cenik dostave:<\/strong><\/p>\n\n\n\n<p><strong>Veljavnost ponudbe<\/strong><\/p>\n\n\n\n<p>Pri nakupu veljajo cene v trenutku potrditve naro\u010dila. Vse cene so brez DDV, saj nismo dav\u010dni zavezanec. Cene v spletni prodajalni se lahko spremenijo brez predhodnega obvestila. Cene veljajo le za nakupe v spletni prodajalni.<\/p>\n\n\n\n<p>Slike so lahko samo simboli\u010dne in ne odra\u017eajo vedno v celoti dejanskega stanja.<\/p>\n\n\n\n<p>GOSTINSTVO IN POSLOVNO SVETOVANJE &nbsp;ima pravico spremeniti cene, \u010de so bile le-te napa\u010dno vnesene v bazo spletne prodajalne. O tem mora predhodno obvestiti stranko in se dogovoriti o poteku naro\u010dila.<\/p>\n\n\n\n<p><strong>Varnost<\/strong><\/p>\n\n\n\n<p>Upravitelj knjigarne Felix.si uporablja ustrezna tehnolo\u0161ka in organizacijska sredstva za za\u0161\u010dito prenosa in shranjevanja osebnih podatkov, naro\u010dil ter pla\u010dil.<\/p>\n\n\n\n<p><strong>Komunikacija<\/strong><\/p>\n\n\n\n<p>Z uporabnikom sme podjetje, ki upravlja spletno trgovino GOSTINSTVO IN POSLOVNO SVETOVANJE , stopiti v stik preko sredstev komunikacij na daljavo, \u010de je to potrebno in kupec temu ne nasprotuje.<\/p>\n\n\n\n<p><strong>Arhiviranje pogodb<\/strong><\/p>\n\n\n\n<p>Pogodba o nakupu, ki jo sklene podjetje GOSTINSTVO IN POSLOVNO SVETOVANJE in stranka, je trajno shranjena pri podjetju, ki je izdalo ra\u010dun.<\/p>\n\n\n\n<p><strong>Reklamna elektronska sporo\u010dila<\/strong><\/p>\n\n\n\n<p>Vsebovati morajo naslednje:<\/p>\n\n\n\n<p>&nbsp;&nbsp;&nbsp;\u2022 jasno in nedvoumno morajo biti ozna\u010dena kot reklamna sporo\u010dila<\/p>\n\n\n\n<p>&nbsp;&nbsp;&nbsp;\u2022 po\u0161iljatelj mora biti jasno razviden<\/p>\n\n\n\n<p>&nbsp;&nbsp;&nbsp;\u2022 razli\u010dne akcije, promocije in druge tr\u017ene tehnike morajo biti ozna\u010dene kot tak\u0161ne. Prav tako morajo biti jasno dolo\u010deni pogoji udele\u017ebe v njih.<\/p>\n\n\n\n<p>&nbsp;&nbsp;&nbsp;\u2022 \u017eeljo uporabnika, da ne prejemajo reklamnih sporo\u010dil, je potrebno spo\u0161tovati.<\/p>\n\n\n\n<p>&nbsp;&nbsp;&nbsp;\u2022&nbsp;GOSTINSTVO IN POSLOVNO SVETOVANJE &nbsp; se zave\u017ee, da bo stranko odjavila s spiska prejemnikov elektronskih sporo\u010dil, \u010de stranka to izrecno zahteva.<\/p>\n\n\n\n<p>&nbsp;&nbsp;&nbsp;\u2022&nbsp;GOSTINSTVO IN POSLOVNO SVETOVANJE se tudi zave\u017ee, da v vsakem reklamnem sporo\u010dilu na dnu objavi postopek odjave iz baze prejemnikov sporo\u010dil.<\/p>\n\n\n\n<p><strong>Zasebnost<\/strong><\/p>\n\n\n\n<p>Podjetje GOSTINSTVO IN POSLOVNO SVETOVANJE , upravitelj internetne knjigarne nobenmenerazume.si se zavezuje k skrbnemu ravnanju z osebnimi podatki strank, v skladu z veljavnimi zakoni v Republiki Sloveniji. Podjetje&nbsp;GOSTINSTVO IN POSLOVNO SVETOVANJE zave\u017ee, da osebnih podatkov strank in morebitnih drugih podatkov (zgodovine naro\u010dil) ne bo posredovala tretji osebi.<\/p>\n\n\n\n<p>Kot kupcu vam pripadajo vse pravice po Zakonu o varstvu potro\u0161nikov. S potrdilom nakupa dovoljujete, da&nbsp;GOSTINSTVO IN POSLOVNO SVETOVANJE &nbsp; vzpostavi, vodi, vzdr\u017euje in upravlja z va\u0161imi osebnimi podatki, in vam ob tem zagotavlja varstvo osebnih podatkov po Zakonu o varstvu osebnih podatkov (Uradni list RS \u0161t. 59\/99, 57\/01).<\/p>\n\n\n\n<p><strong>Odgovornost podjetja za stvarne napake<\/strong><\/p>\n\n\n\n<p>Reklamacijo iz naslova stvarne napake lahko potro\u0161nik uveljavlja za vsak kupljeni izdelek.<\/p>\n\n\n\n<p>Iz naslova stvarne napake lahko potro\u0161nik napako reklamira pri prodajalcu v roku 2 mesecev od odkritja stvarne napake oziroma v roku 2 let, ko je bilo blago prevzeto s strani kupca. Potro\u0161nik lahko zahteva po lastni izbiri : (1) Odpravo napake (2) Vra\u010dilo pla\u010danega zneska v sorazmerju z napako (3) Zamenjavo blaga (4) Vra\u010dilo pla\u010danega zneska<\/p>\n\n\n\n<p>Pri uveljavljanju pravic iz tega naslova mora potro\u0161nik trgovcu v obvestilu o napaki natan\u010dneje opisati napako in prodajalcu omogo\u010diti, da izdelek pregleda. \u010ce napaka ni sporna, mora trgovec \u010dim prej, najkasneje pa v roku 8 dni, ugoditi potro\u0161nikovi mu zahtevku. \u010ce pa o napaki obstaja spor, mora trgovec v roku 8 dni podati potro\u0161niku pisen odgovor.<\/p>\n\n\n\n<p><strong>Prito\u017ebe<\/strong><\/p>\n\n\n\n<p>GOSTINSTVO IN POSLOVNO SVETOVANJE , upravitelj spletne trgovine nobenmenerazume.si, mora kupcem omogo\u010diti prito\u017ebo po razli\u010dnih komunikacijskih tokovih (po telefonu, po\u0161ti, e-po\u0161ti) in ga\/jo vseskozi obve\u0161\u010dati o statusu prito\u017ebe.<\/p>\n\n\n\n<p>V interesu podjetja je, da se vse prito\u017ebe in morebitni spori re\u0161ujejo izvensodno, a vselej v skladu z Zakonom o varstvu potro\u0161nikov in drugimi, v Republiki Sloveniji veljavnimi zakoni.<\/p>\n\n\n\n<p>\u010ce stranka in podjetje spora ne moreta re\u0161iti sporazumno, je za re\u0161evanje le-tega pristojno Okro\u017eno sodi\u0161\u010de v Ljubljani.<\/p>\n\n\n\n<p><strong>Naslov za prito\u017ebe:<\/strong><\/p>\n\n\n\n<p>GOSTINSTVO IN POSLOVNO SVETOVANJE \u2013 prito\u017eba<\/p>\n\n\n\n<p>Naslov: Plavje 6, Plavje, 6281 \u0160kofije<\/p>\n\n\n\n<p>Veljavno pa je tudi na:&nbsp;info@ribeinvino&nbsp;<\/p>\n\n\n\n<p>zadeva: Prito\u017eba<\/p>\n\n\n\n<p>Spletno trgovino vinoinribe.si<\/p>\n\n\n\n<p>Plavje 6, Plavje, 6281 \u0160kofije<\/p>\n\n\n\n<p>Dav\u010dna \u0161t.: 36363189,<br>Mati\u010dna \u0161t.: 3429636000<br>M: 08 2055282<br>E: info@vinoinribe.si<\/p>\n\n\n\n<p>Dostopnost informacij<\/p>\n\n\n\n<p>Podjetje GOSTINSTVO IN POSLOVNO SVETOVANJE, se zavezuje, da bo kupcu vselej zagotovilo naslednje informacije:<\/p>\n\n\n\n<ul class=\"wp-block-list\"><li>identiteto podjetja (ime in sede\u017e podjetja, \u0161tevilka vlo\u017eka v registru, dav\u010dna \u0161tevilka)<\/li><li>kontaktne naslove, ki omogo\u010dajo hitro in u\u010dinkovito komunikacijo (e-po\u0161ta, telefon)<\/li><li>bistvene zna\u010dilnosti blaga oziroma storitev (vklju\u010dno s poprodajnimi storitvami in garancijami ter postopki vra\u010dila)<\/li><li>dobavljivost izdelkov (vsak izdelek ali storitev, ki je v ponudbi na spletni strani, naj bi bil dobavljiv v razumljivem roku)<\/li><li>pogoje dostave izdelka ali izvr\u0161itve storitve (na\u010din, kraj in rok dostave)<\/li><li>vse cene morajo biti jasno in nedvoumno dolo\u010dene, razvidno mora biti ali \u017ee vsebujejo davek in morebitne druge dajatve<\/li><li>na\u010din pla\u010dila in dostave<\/li><li>\u010dasovno veljavnost ponudbe<\/li><li>rok, v katerem je \u0161e mo\u017eno odstopiti od pogodbe in pogoje za odstop; poleg tega tudi o tem, \u010de in koliko stane kupca vra\u010dilo izdelka<\/li><li>pojasnjen mora biti postopek ob prito\u017ebi, vklju\u010dno z vsemi podatki o kontaktni osebi ali slu\u017ebi za stike s kupci<\/li><\/ul>\n\n\n\n<p>Postopek nakupa<\/p>\n\n\n\n<p>Ko uporabnik izbere izdelek ali izdelke in s potrdilom na gumb NAKUP odda naro\u010dilo, mu spletna prodajalna samodejno \u201cgenerira \u2013 ustvari\u201d in po\u0161lje elektronsko po\u0161to s podrobnostmi naro\u010dila (izdelki, cene, koli\u010dine, uporabnikovi podatki \u2026). V nadaljevanju se postopek naro\u010dila deli na tri dele, ki so slede\u010di:<\/p>\n\n\n\n<ol class=\"wp-block-list\" type=\"1\"><li><strong>&nbsp;&nbsp;NARO\u010cILO SPREJETO<\/strong><\/li><\/ol>\n\n\n\n<p>&nbsp;&nbsp;&nbsp;&nbsp;&nbsp;&nbsp;Po uspe\u0161ni oddaji naro\u010dila, kupec prejme obvestilo po elektronski po\u0161ti, da je naro\u010dilo sprejeto in \u010daka na obdelavo. Kupcu so iz\u010drpni podatki o stanju in vsebini naro\u010dila vselej dostopni na spletni strani ter na zgoraj navedenih kontaktih upravljalca spletne trgovine.&nbsp;<\/p>\n\n\n\n<ol class=\"wp-block-list\" type=\"1\" start=\"2\"><li><strong>NARO\u010cILO POTRJENO<\/strong><\/li><\/ol>\n\n\n\n<p>&nbsp;&nbsp;&nbsp;&nbsp;&nbsp;&nbsp;Podjetje&nbsp;GOSTINSTVO IN POSLOVNO SVETOVANJE najve\u010d 72 urah od prevzema naro\u010dila pregleda, preveri dobavljivost in naro\u010dilo potrdi oziroma z razlogom zavrne. Podjetje si pridr\u017euje pravico, da po potrebi pokli\u010de kupca na njegovo kontaktno telefonsko \u0161tevilko. Pogodba o nakupu naro\u010denih artiklov med stranko in podjetjem je nepreklicno sklenjena, ko kupec prejme potrdilo na elektronski naslov(e-mail).<\/p>\n\n\n\n<ol class=\"wp-block-list\" type=\"1\" start=\"3\"><li><strong>NARO\u010cILO ZAKLJU\u010cENO IN POSLANO<\/strong><\/li><\/ol>\n\n\n\n<p>&nbsp;&nbsp;&nbsp;&nbsp;&nbsp;&nbsp;Ponudnik v obljubljenem roku blago zapakira, odpo\u0161lje in o tem po elektronski po\u0161ti obvesti kupca. V tem delu je uporabnik obve\u0161\u010den o roku in na\u010dinu dostave. Ponudnik v omenjenem elektronskem sporo\u010dilu pou\u010di kupca tudi o roku in na\u010dinu dostave, o politiki vra\u010danja blaga, kam se lahko obrne v primeru zamude pri dostavi in kam se lahko obrne v primeru prito\u017ebe.<\/p>\n\n\n\n<p><strong>Pravica do odstopa od nakupa, vra\u010dilo blaga<\/strong><\/p>\n\n\n\n<p>Potro\u0161nik ima pravico, da v 14 dneh podjetju pisno sporo\u010di odstop od pogodbe. Potro\u0161nik mora nato blago vrniti podjetju v 30 dneh po pisnem sporo\u010dilu, s tem da sam krije neposredne stro\u0161ke vra\u010dila. \u010ce potro\u0161nik vrne prejeto blago v roku za odstop od pogodbe (to je 14 dni od prejema blaga), se \u0161teje to za sporo\u010dilo o odstopu od pogodbe. Izdelki morajo biti nerabljeni in nepo\u0161kodovani.<\/p>\n\n\n\n<p>Podjetje&nbsp;GOSTINSTVO IN POSLOVNO SVETOVANJE vrne celotno kupnino (kupnina s stro\u0161ki dostave in morebitnimi stro\u0161ki pla\u010dila polo\u017enice) brez vpra\u0161anj takoj, ko je mogo\u010de oz. najkasneje v 14 dneh po prejemu sporo\u010dila o odstopu od pogodbe.<\/p>\n\n\n\n<p>Prodajalec (GOSTINSTVO IN POSLOVNO SVETOVANJE ) se zave\u017ee, da bo \u017ee kupljeno blago prevzel nazaj brez kakr\u0161nihkoli vpra\u0161anj. To pomeni, da je vsak nakup 100 % varen.<\/p>\n\n\n\n<p>Kupnino za vrnjene artikle vam bomo nakazali na va\u0161 transakcijski ra\u010dun, s po\u0161tno nakaznico ali vam po dogovoru \u0161teli kupnino kot dobropis pri naslednjem nakupu. Denar vam bomo vrnili najkasneje v 14 dneh po prejemu obvestila o odstopu od nakupa, vendar bomo vra\u010dilo zadr\u017eali v primeru, da v predpisanem roku ne bomo prejeli vrnjenega blaga ali potrdila o vrnjeni po\u0161iljki s strani kupca.<\/p>\n\n\n\n<p>&nbsp;Potro\u0161nik odgovarja za zmanj\u0161anje vrednosti blaga, \u010de je zmanj\u0161anje vrednosti posledica ravnanja, ki ni nujno potrebno za ugotovitev narave, lastnosti in delovanja blaga.<\/p>\n\n\n\n<p><strong>Pla\u010dilo<\/strong><\/p>\n\n\n\n<p>Ob potrditvi naro\u010dila kupec izbere \u017eeleno mo\u017enost pla\u010dila blaga:<\/p>\n\n\n\n<p>&nbsp;&nbsp;&nbsp;\u2022 Pla\u010dilo preko predra\u010duna ali spletne banke (NLBklik, Abanet\u2026).<\/p>\n\n\n\n<p>GOSTINSTVO IN POSLOVNO SVETOVANJE , nudi samo pla\u010dilo preko predra\u010duna ali spletne banke, saj se tako izognemo nepla\u010danim paketom ter ogro\u017eanju kupcev, zaradi trenutnih ukrepov proti COVID-19.<\/p>\n\n\n\n<p><strong>Dobavni rok<\/strong><\/p>\n\n\n\n<p>Za izdelke na zalogi je rok dobave blaga 1-5 delovnih dni v ostalih primerih pa do 15 dni. Za izdelke, ki jih nimamo na zalogi je dobavni rok do 15 dni po prejetem naro\u010dilu.<\/p>\n\n\n\n<p>V primeru dalj\u0161ega dobavnega roka vas bomo o dobavnem roku obvestili po elektronski po\u0161ti ali pa po telefonu.<\/p>\n\n\n\n<p><strong>Dostava<\/strong><\/p>\n\n\n\n<p>Naro\u010dila, oddana med delavniki do 14. ure navadno odpo\u0161ljemo \u0161e isti dan, ostala naro\u010dila pa naslednji delovnik (velja za artikle, ki so na zalogi). Vse po\u0161iljke dostavlja Po\u0161ta Slovenije. Dobavni rok za artikle na zalogi je 1-4 delovnih dni.<\/p>\n\n\n\n<p>Ob potrditvi nakupa lahko izberete poljubni naslov za dostavo (npr. dostava na delovno mesto, na babi\u010din naslov\u2026). V primeru, da vas ob prihodu pismono\u0161e (navadno dopoldne) ni, lahko po\u0161iljko dvignete na najbli\u017eji enoti po\u0161te.<\/p>\n\n\n\n<p><strong>Cenik dostave:<\/strong><\/p>\n\n\n\n<p><strong>Veljavnost ponudbe<\/strong><\/p>\n\n\n\n<p>Pri nakupu veljajo cene v trenutku potrditve naro\u010dila. Vse cene so brez DDV, saj nismo dav\u010dni zavezanec. Cene v spletni prodajalni se lahko spremenijo brez predhodnega obvestila. Cene veljajo le za nakupe v spletni prodajalni.<\/p>\n\n\n\n<p>Slike so lahko samo simboli\u010dne in ne odra\u017eajo vedno v celoti dejanskega stanja.<\/p>\n\n\n\n<p>GOSTINSTVO IN POSLOVNO SVETOVANJE &nbsp;ima pravico spremeniti cene, \u010de so bile le-te napa\u010dno vnesene v bazo spletne prodajalne. O tem mora predhodno obvestiti stranko in se dogovoriti o poteku naro\u010dila.<\/p>\n\n\n\n<p><strong>Varnost<\/strong><\/p>\n\n\n\n<p>Upravitelj knjigarne Felix.si uporablja ustrezna tehnolo\u0161ka in organizacijska sredstva za za\u0161\u010dito prenosa in shranjevanja osebnih podatkov, naro\u010dil ter pla\u010dil.<\/p>\n\n\n\n<p><strong>Komunikacija<\/strong><\/p>\n\n\n\n<p>Z uporabnikom sme podjetje, ki upravlja spletno trgovino GOSTINSTVO IN POSLOVNO SVETOVANJE , stopiti v stik preko sredstev komunikacij na daljavo, \u010de je to potrebno in kupec temu ne nasprotuje.<\/p>\n\n\n\n<p><strong>Arhiviranje pogodb<\/strong><\/p>\n\n\n\n<p>Pogodba o nakupu, ki jo sklene podjetje GOSTINSTVO IN POSLOVNO SVETOVANJE in stranka, je trajno shranjena pri podjetju, ki je izdalo ra\u010dun.<\/p>\n\n\n\n<p><strong>Reklamna elektronska sporo\u010dila<\/strong><\/p>\n\n\n\n<p>Vsebovati morajo naslednje:<\/p>\n\n\n\n<p>&nbsp;&nbsp;&nbsp;\u2022 jasno in nedvoumno morajo biti ozna\u010dena kot reklamna sporo\u010dila<\/p>\n\n\n\n<p>&nbsp;&nbsp;&nbsp;\u2022 po\u0161iljatelj mora biti jasno razviden<\/p>\n\n\n\n<p>&nbsp;&nbsp;&nbsp;\u2022 razli\u010dne akcije, promocije in druge tr\u017ene tehnike morajo biti ozna\u010dene kot tak\u0161ne. Prav tako morajo biti jasno dolo\u010deni pogoji udele\u017ebe v njih.<\/p>\n\n\n\n<p>&nbsp;&nbsp;&nbsp;\u2022 \u017eeljo uporabnika, da ne prejemajo reklamnih sporo\u010dil, je potrebno spo\u0161tovati.<\/p>\n\n\n\n<p>&nbsp;&nbsp;&nbsp;\u2022&nbsp;GOSTINSTVO IN POSLOVNO SVETOVANJE &nbsp; se zave\u017ee, da bo stranko odjavila s spiska prejemnikov elektronskih sporo\u010dil, \u010de stranka to izrecno zahteva.<\/p>\n\n\n\n<p>&nbsp;&nbsp;&nbsp;\u2022&nbsp;GOSTINSTVO IN POSLOVNO SVETOVANJE se tudi zave\u017ee, da v vsakem reklamnem sporo\u010dilu na dnu objavi postopek odjave iz baze prejemnikov sporo\u010dil.<\/p>\n\n\n\n<p><strong>Zasebnost<\/strong><\/p>\n\n\n\n<p>Podjetje GOSTINSTVO IN POSLOVNO SVETOVANJE , upravitelj internetne knjigarne nobenmenerazume.si se zavezuje k skrbnemu ravnanju z osebnimi podatki strank, v skladu z veljavnimi zakoni v Republiki Sloveniji. Podjetje&nbsp;GOSTINSTVO IN POSLOVNO SVETOVANJE zave\u017ee, da osebnih podatkov strank in morebitnih drugih podatkov (zgodovine naro\u010dil) ne bo posredovala tretji osebi.<\/p>\n\n\n\n<p>Kot kupcu vam pripadajo vse pravice po Zakonu o varstvu potro\u0161nikov. S potrdilom nakupa dovoljujete, da&nbsp;GOSTINSTVO IN POSLOVNO SVETOVANJE &nbsp; vzpostavi, vodi, vzdr\u017euje in upravlja z va\u0161imi osebnimi podatki, in vam ob tem zagotavlja varstvo osebnih podatkov po Zakonu o varstvu osebnih podatkov (Uradni list RS \u0161t. 59\/99, 57\/01).<\/p>\n\n\n\n<p><strong>Odgovornost podjetja za stvarne napake<\/strong><\/p>\n\n\n\n<p>Reklamacijo iz naslova stvarne napake lahko potro\u0161nik uveljavlja za vsak kupljeni izdelek.<\/p>\n\n\n\n<p>Iz naslova stvarne napake lahko potro\u0161nik napako reklamira pri prodajalcu v roku 2 mesecev od odkritja stvarne napake oziroma v roku 2 let, ko je bilo blago prevzeto s strani kupca. Potro\u0161nik lahko zahteva po lastni izbiri : (1) Odpravo napake (2) Vra\u010dilo pla\u010danega zneska v sorazmerju z napako (3) Zamenjavo blaga (4) Vra\u010dilo pla\u010danega zneska<\/p>\n\n\n\n<p>Pri uveljavljanju pravic iz tega naslova mora potro\u0161nik trgovcu v obvestilu o napaki natan\u010dneje opisati napako in prodajalcu omogo\u010diti, da izdelek pregleda. \u010ce napaka ni sporna, mora trgovec \u010dim prej, najkasneje pa v roku 8 dni, ugoditi potro\u0161nikovi mu zahtevku. \u010ce pa o napaki obstaja spor, mora trgovec v roku 8 dni podati potro\u0161niku pisen odgovor.<\/p>\n\n\n\n<p><strong>Prito\u017ebe<\/strong><\/p>\n\n\n\n<p>GOSTINSTVO IN POSLOVNO SVETOVANJE , upravitelj spletne trgovine nobenmenerazume.si, mora kupcem omogo\u010diti prito\u017ebo po razli\u010dnih komunikacijskih tokovih (po telefonu, po\u0161ti, e-po\u0161ti) in ga\/jo vseskozi obve\u0161\u010dati o statusu prito\u017ebe.<\/p>\n\n\n\n<p>V interesu podjetja je, da se vse prito\u017ebe in morebitni spori re\u0161ujejo izvensodno, a vselej v skladu z Zakonom o varstvu potro\u0161nikov in drugimi, v Republiki Sloveniji veljavnimi zakoni.<\/p>\n\n\n\n<p>\u010ce stranka in podjetje spora ne moreta re\u0161iti sporazumno, je za re\u0161evanje le-tega pristojno Okro\u017eno sodi\u0161\u010de v Ljubljani.<\/p>\n\n\n\n<p><strong>Naslov za prito\u017ebe:<\/strong><\/p>\n\n\n\n<p>GOSTINSTVO IN POSLOVNO SVETOVANJE \u2013 prito\u017eba<\/p>\n\n\n\n<p>Naslov: Plavje 6, Plavje, 6281 \u0160kofije<\/p>\n\n\n\n<p>Veljavno pa je tudi na:&nbsp;info@ribeinvino&nbsp;<\/p>\n\n\n\n<p>zadeva: Prito\u017eba<\/p>\n","protected":false},"excerpt":{"rendered":"<p>Spletno trgovino vinoinribe.si Plavje 6, Plavje, 6281 \u0160kofije Dav\u010dna \u0161t.: 36363189,Mati\u010dna \u0161t.: 3429636000M: 08 2055282E: info@vinoinribe.si Dostopnost informacij Podjetje GOSTINSTVO IN POSLOVNO SVETOVANJE, se zavezuje, da bo kupcu vselej zagotovilo naslednje informacije: identiteto podjetja (ime in sede\u017e podjetja, \u0161tevilka vlo\u017eka v registru, dav\u010dna \u0161tevilka) kontaktne naslove, ki omogo\u010dajo hitro in u\u010dinkovito komunikacijo (e-po\u0161ta, telefon) bistvene zna\u010dilnosti blaga oziroma storitev (vklju\u010dno &#8230; <a href=\"https:\/\/vinoinribe.si\/en\/termsandconditions\/\" class=\"more-link\">Read More<\/a><\/p>\n","protected":false},"author":1,"featured_media":0,"parent":0,"menu_order":0,"comment_status":"closed","ping_status":"closed","template":"","meta":{"footnotes":""},"class_list":["post-585","page","type-page","status-publish","hentry","no-post-thumbnail"],"_links":{"self":[{"href":"https:\/\/vinoinribe.si\/en\/wp-json\/wp\/v2\/pages\/585","targetHints":{"allow":["GET"]}}],"collection":[{"href":"https:\/\/vinoinribe.si\/en\/wp-json\/wp\/v2\/pages"}],"about":[{"href":"https:\/\/vinoinribe.si\/en\/wp-json\/wp\/v2\/types\/page"}],"author":[{"embeddable":true,"href":"https:\/\/vinoinribe.si\/en\/wp-json\/wp\/v2\/users\/1"}],"replies":[{"embeddable":true,"href":"https:\/\/vinoinribe.si\/en\/wp-json\/wp\/v2\/comments?post=585"}],"version-history":[{"count":2,"href":"https:\/\/vinoinribe.si\/en\/wp-json\/wp\/v2\/pages\/585\/revisions"}],"predecessor-version":[{"id":918,"href":"https:\/\/vinoinribe.si\/en\/wp-json\/wp\/v2\/pages\/585\/revisions\/918"}],"wp:attachment":[{"href":"https:\/\/vinoinribe.si\/en\/wp-json\/wp\/v2\/media?parent=585"}],"curies":[{"name":"wp","href":"https:\/\/api.w.org\/{rel}","templated":true}]}}